{"id":445,"date":"2014-02-04T23:59:55","date_gmt":"2014-02-04T23:59:55","guid":{"rendered":"http:\/\/sibu.es\/plasticos_internacionales\/?page_id=445"},"modified":"2015-12-01T20:22:30","modified_gmt":"2015-12-01T20:22:30","slug":"manipulados-fenolicos-nivic","status":"publish","type":"page","link":"https:\/\/nivic.es\/policarbonato-metacrilato\/manipulados-fenolicos-nivic\/","title":{"rendered":"Manipulados Fen\u00f3licos Nivic"},"content":{"rendered":"<p><a href=\"https:\/\/nivic.es\/policarbonato-metacrilato\/wp-content\/uploads\/2014\/02\/MAnipulados-fenolicos-madrid.jpg\"><img loading=\"lazy\" decoding=\"async\" class=\"aligncenter wp-image-466\" src=\"https:\/\/nivic.es\/policarbonato-metacrilato\/wp-content\/uploads\/2014\/02\/MAnipulados-fenolicos-madrid.jpg\" alt=\"MAnipulados-fenolicos-madrid\" width=\"1276\" height=\"228\" \/><\/a><\/p>\n<table border=\"0\" width=\"100%\" cellspacing=\"5\">\n<tbody>\n<tr>\n<td valign=\"top\">\n<div id=\"attachment_554\" style=\"width: 120px\" class=\"wp-caption alignright\"><a href=\"http:\/\/nivic.es\/Catalogo-taquillas-fenolico-nivic.pdf\" target=\"_blank\"><img loading=\"lazy\" decoding=\"async\" aria-describedby=\"caption-attachment-554\" class=\"wp-image-554 size-full\" style=\"margin: 5px;\" src=\"https:\/\/nivic.es\/policarbonato-metacrilato\/wp-content\/uploads\/2014\/02\/iconoPDF.jpg\" alt=\"iconoPDF\" width=\"110\" height=\"110\" \/><\/a><p id=\"caption-attachment-554\" class=\"wp-caption-text\">Cat\u00e1logo Taquillas Nivic 2.25Mb<\/p><\/div>\n<p style=\"text-align: justify;\"><strong><span style=\"color: #ff6600;\">NIVIC<\/span> Pl\u00e1sticos Internacionales <\/strong>les ofrece su experiencia de m\u00e1s de 15 a\u00f1os en el entorno de los materiales fen\u00f3licos desde sencillos sobres para bancos hasta el proyecto m\u00e1s complejo. Ofrecemos cabinas, cabinas con bancos, taquillas de diversas medidas, bancos para vestuarios, encimeras y revestimientos de paredes<\/p>\n<p style=\"text-align: justify;\"><strong><span style=\"color: #ff6600;\">NIVIC<\/span> Pl\u00e1sticos Internacionales <\/strong>fabrica una amplia gama de cabinas sanitarias fabricadas a medida las cuales permiten una instalaci\u00f3n r\u00e1pida y sencilla en cualquier espacio.<\/p>\n<p style=\"text-align: justify;\">Su sistema de modulaci\u00f3n facilita un mayor aprovechamiento del espacio.<\/p>\n<p style=\"text-align: justify;\"><strong><span style=\"color: #ff6600;\">NIVIC<\/span> Pl\u00e1sticos Internacionales <\/strong>se adapta a peque\u00f1os y grandes proyectos, ya sean del entorno sanitario, educativo o industrial.<\/p>\n<p><div class=\"rgg-container\" data-rgg-id=\"1\">    <div class=\"rgg-imagegrid captions-title captions-effect-none special-style\" data-rgg-id=\"1\">\n                    <a href=\"https:\/\/nivic.es\/policarbonato-metacrilato\/wp-content\/uploads\/2014\/02\/banctotrespa1.jpg\" data-rel=\"rgg\" rel=\"rgg\" title=\"Haganos llegar su proyecto y NIVIC le proporcionara la mejor y mas optimizada soluci&oacute;n.\" class=\"rgg-disabled size-medium rgg-img\" data-src=\"https:\/\/nivic.es\/policarbonato-metacrilato\/wp-content\/uploads\/2014\/02\/banctotrespa1-300x201.jpg\" data-ratio=\"1.4925373134328\" data-height=\"201\" data-width=\"300\" aria-label=\"\">\n                            <\/a>\n                    <a href=\"https:\/\/nivic.es\/policarbonato-metacrilato\/wp-content\/uploads\/2014\/02\/banctotrespa3.jpg\" data-rel=\"rgg\" rel=\"rgg\" title=\"Nuestros t&eacute;cnicos le ayudaran al desarroyo de productos en peque&ntilde;as o grandes tiradas\" class=\"rgg-disabled size-medium rgg-img\" data-src=\"https:\/\/nivic.es\/policarbonato-metacrilato\/wp-content\/uploads\/2014\/02\/banctotrespa3-300x201.jpg\" data-ratio=\"1.4925373134328\" data-height=\"201\" data-width=\"300\" aria-label=\"\">\n                            <\/a>\n            <\/div>\n<\/div><\/td>\n<td>\u00a0[easyrotator]erc_78_1391636673[\/easyrotator]<\/td>\n<\/tr>\n<\/tbody>\n<\/table>\n<p style=\"text-align: justify;\"><a href=\"https:\/\/nivic.es\/policarbonato-metacrilato\/wp-content\/uploads\/2014\/02\/MAnipulados-fenolicos-madrid-1.jpg\"><img loading=\"lazy\" decoding=\"async\" class=\"alignleft size-full wp-image-482\" style=\"margin-left: 20px; margin-right: 20px;\" src=\"https:\/\/nivic.es\/policarbonato-metacrilato\/wp-content\/uploads\/2014\/02\/MAnipulados-fenolicos-madrid-1.jpg\" alt=\"MAnipulados-fenolicos-madrid-1\" width=\"520\" height=\"280\" srcset=\"https:\/\/nivic.es\/policarbonato-metacrilato\/wp-content\/uploads\/2014\/02\/MAnipulados-fenolicos-madrid-1.jpg 520w, https:\/\/nivic.es\/policarbonato-metacrilato\/wp-content\/uploads\/2014\/02\/MAnipulados-fenolicos-madrid-1-300x162.jpg 300w\" sizes=\"auto, (max-width: 520px) 100vw, 520px\" \/><\/a>La construcci\u00f3n destinada a uso p\u00fablico presenta necesidades espec\u00edficas que obligan a seleccionar las materias primas que garanticen higiene, resistencia y dise\u00f1o.<br \/>\nLa utilizaci\u00f3n de materiales como el\u00a0 compacto fen\u00f3lico, aluminio o acero inoxidable, consiguen resultados muy superiores en limpieza y desinfecci\u00f3n , gracias a sus caracter\u00edsticas de superficie lisa y antibacteriana.<br \/>\nEl compacto fenolico HPL tiene un buen compartimiento a la abrasi\u00f3n, buena estabilidad dimensional frente a temperaturas elevadas y fant\u00e1stico comportamiento frente a las agresiones mec\u00e1nicas o qu\u00edmicas, por lo que lo hace apropiado para fabricaci\u00f3n de productos para edificios p\u00fablicos.<br \/>\nLa prioridad en nuestra empresa es la innovaci\u00f3n,\u00a0 la utilizaci\u00f3n de materiales de alta calidad y la colaboraci\u00f3n con el clientes.<\/p>\n<p>&nbsp;<\/p>\n<h1 style=\"text-align: center;\">\u00a0Trabajos realizados por <strong><span style=\"color: #ff6600;\">NIVIC<\/span><\/strong><\/h1>\n<h1 style=\"text-align: center;\"><\/h1>\n<div class=\"rgg-container\" data-rgg-id=\"2\">    <div class=\"rgg-imagegrid captions-title captions-effect-none \" data-rgg-id=\"2\">\n                    <a href=\"https:\/\/nivic.es\/policarbonato-metacrilato\/wp-content\/uploads\/2014\/02\/Manipulados-fenolicos-madrid-1.jpg\" data-rel=\"rgg\" rel=\"rgg\" title=\"\" class=\"rgg-disabled size-medium rgg-img\" data-src=\"https:\/\/nivic.es\/policarbonato-metacrilato\/wp-content\/uploads\/2014\/02\/Manipulados-fenolicos-madrid-1-300x300.jpg\" data-ratio=\"1\" data-height=\"300\" data-width=\"300\" aria-label=\"\">\n                            <\/a>\n                    <a href=\"https:\/\/nivic.es\/policarbonato-metacrilato\/wp-content\/uploads\/2014\/02\/Manipulados-fenolicos-madrid-2-1023x1024.jpg\" data-rel=\"rgg\" rel=\"rgg\" title=\"\" class=\"rgg-disabled size-medium rgg-img\" data-src=\"https:\/\/nivic.es\/policarbonato-metacrilato\/wp-content\/uploads\/2014\/02\/Manipulados-fenolicos-madrid-2-300x300.jpg\" data-ratio=\"1\" data-height=\"300\" data-width=\"300\" aria-label=\"\">\n                            <\/a>\n                    <a href=\"https:\/\/nivic.es\/policarbonato-metacrilato\/wp-content\/uploads\/2014\/02\/Manipulados-fenolicos-madrid-3-1023x1024.jpg\" data-rel=\"rgg\" rel=\"rgg\" title=\"\" class=\"rgg-disabled size-medium rgg-img\" data-src=\"https:\/\/nivic.es\/policarbonato-metacrilato\/wp-content\/uploads\/2014\/02\/Manipulados-fenolicos-madrid-3-300x300.jpg\" data-ratio=\"1\" data-height=\"300\" data-width=\"300\" aria-label=\"\">\n                            <\/a>\n                    <a href=\"https:\/\/nivic.es\/policarbonato-metacrilato\/wp-content\/uploads\/2014\/02\/Manipulados-fenolicos-madrid-4-1024x1023.jpg\" data-rel=\"rgg\" rel=\"rgg\" title=\"\" class=\"rgg-disabled size-medium rgg-img\" data-src=\"https:\/\/nivic.es\/policarbonato-metacrilato\/wp-content\/uploads\/2014\/02\/Manipulados-fenolicos-madrid-4-300x300.jpg\" data-ratio=\"1\" data-height=\"300\" data-width=\"300\" aria-label=\"\">\n                            <\/a>\n                    <a href=\"https:\/\/nivic.es\/policarbonato-metacrilato\/wp-content\/uploads\/2014\/02\/Manipulados-fenolicos-madrid-5.jpg\" data-rel=\"rgg\" rel=\"rgg\" title=\"\" class=\"rgg-disabled size-medium rgg-img\" data-src=\"https:\/\/nivic.es\/policarbonato-metacrilato\/wp-content\/uploads\/2014\/02\/Manipulados-fenolicos-madrid-5-300x300.jpg\" data-ratio=\"1\" data-height=\"300\" data-width=\"300\" aria-label=\"\">\n                            <\/a>\n                    <a href=\"https:\/\/nivic.es\/policarbonato-metacrilato\/wp-content\/uploads\/2014\/02\/Manipulados-fenolicos-madrid-6-1022x1024.jpg\" data-rel=\"rgg\" rel=\"rgg\" title=\"\" class=\"rgg-disabled size-medium rgg-img\" data-src=\"https:\/\/nivic.es\/policarbonato-metacrilato\/wp-content\/uploads\/2014\/02\/Manipulados-fenolicos-madrid-6-300x300.jpg\" data-ratio=\"1\" data-height=\"300\" data-width=\"300\" aria-label=\"\">\n                            <\/a>\n                    <a href=\"https:\/\/nivic.es\/policarbonato-metacrilato\/wp-content\/uploads\/2014\/02\/Manipulados-fenolicos-madrid-7-1023x1024.jpg\" data-rel=\"rgg\" rel=\"rgg\" title=\"\" class=\"rgg-disabled size-medium rgg-img\" data-src=\"https:\/\/nivic.es\/policarbonato-metacrilato\/wp-content\/uploads\/2014\/02\/Manipulados-fenolicos-madrid-7-300x300.jpg\" data-ratio=\"1\" data-height=\"300\" data-width=\"300\" aria-label=\"\">\n                            <\/a>\n                    <a href=\"https:\/\/nivic.es\/policarbonato-metacrilato\/wp-content\/uploads\/2014\/02\/Manipulados-fenolicos-madrid-8-1022x1024.jpg\" data-rel=\"rgg\" rel=\"rgg\" title=\"\" class=\"rgg-disabled size-medium rgg-img\" data-src=\"https:\/\/nivic.es\/policarbonato-metacrilato\/wp-content\/uploads\/2014\/02\/Manipulados-fenolicos-madrid-8-300x300.jpg\" data-ratio=\"1\" data-height=\"300\" data-width=\"300\" aria-label=\"\">\n                            <\/a>\n                    <a href=\"https:\/\/nivic.es\/policarbonato-metacrilato\/wp-content\/uploads\/2014\/02\/Manipulados-fenolicos-madrid-9-1023x1024.jpg\" data-rel=\"rgg\" rel=\"rgg\" title=\"\" class=\"rgg-disabled size-medium rgg-img\" data-src=\"https:\/\/nivic.es\/policarbonato-metacrilato\/wp-content\/uploads\/2014\/02\/Manipulados-fenolicos-madrid-9-300x300.jpg\" data-ratio=\"1\" data-height=\"300\" data-width=\"300\" aria-label=\"\">\n                            <\/a>\n                    <a href=\"https:\/\/nivic.es\/policarbonato-metacrilato\/wp-content\/uploads\/2014\/02\/Manipulados-fenolicos-madrid-9a.jpg\" data-rel=\"rgg\" rel=\"rgg\" title=\"\" class=\"rgg-disabled size-medium rgg-img\" data-src=\"https:\/\/nivic.es\/policarbonato-metacrilato\/wp-content\/uploads\/2014\/02\/Manipulados-fenolicos-madrid-9a-300x300.jpg\" data-ratio=\"1\" data-height=\"300\" data-width=\"300\" aria-label=\"\">\n                            <\/a>\n                    <a href=\"https:\/\/nivic.es\/policarbonato-metacrilato\/wp-content\/uploads\/2014\/02\/Manipulados-fenolicos-madrid-9b.jpg\" data-rel=\"rgg\" rel=\"rgg\" title=\"\" class=\"rgg-disabled size-medium rgg-img\" data-src=\"https:\/\/nivic.es\/policarbonato-metacrilato\/wp-content\/uploads\/2014\/02\/Manipulados-fenolicos-madrid-9b-300x300.jpg\" data-ratio=\"1\" data-height=\"300\" data-width=\"300\" aria-label=\"\">\n                            <\/a>\n                    <a href=\"https:\/\/nivic.es\/policarbonato-metacrilato\/wp-content\/uploads\/2014\/02\/Manipulados-fenolicos-madrid-9c.jpg\" data-rel=\"rgg\" rel=\"rgg\" title=\"\" class=\"rgg-disabled size-medium rgg-img\" data-src=\"https:\/\/nivic.es\/policarbonato-metacrilato\/wp-content\/uploads\/2014\/02\/Manipulados-fenolicos-madrid-9c-300x300.jpg\" data-ratio=\"1\" data-height=\"300\" data-width=\"300\" aria-label=\"\">\n                            <\/a>\n                    <a href=\"https:\/\/nivic.es\/policarbonato-metacrilato\/wp-content\/uploads\/2014\/02\/Manipulados-fenolicos-madrid-9d.jpg\" data-rel=\"rgg\" rel=\"rgg\" title=\"\" class=\"rgg-disabled size-medium rgg-img\" data-src=\"https:\/\/nivic.es\/policarbonato-metacrilato\/wp-content\/uploads\/2014\/02\/Manipulados-fenolicos-madrid-9d-300x300.jpg\" data-ratio=\"1\" data-height=\"300\" data-width=\"300\" aria-label=\"\">\n                            <\/a>\n                    <a href=\"https:\/\/nivic.es\/policarbonato-metacrilato\/wp-content\/uploads\/2014\/02\/Manipulados-fenolicos-madrid-9e.jpg\" data-rel=\"rgg\" rel=\"rgg\" title=\"\" class=\"rgg-disabled size-medium rgg-img\" data-src=\"https:\/\/nivic.es\/policarbonato-metacrilato\/wp-content\/uploads\/2014\/02\/Manipulados-fenolicos-madrid-9e-300x300.jpg\" data-ratio=\"1\" data-height=\"300\" data-width=\"300\" aria-label=\"\">\n                            <\/a>\n                    <a href=\"https:\/\/nivic.es\/policarbonato-metacrilato\/wp-content\/uploads\/2014\/02\/Manipulados-fenolicos-madrid-9f.jpg\" data-rel=\"rgg\" rel=\"rgg\" title=\"\" class=\"rgg-disabled size-medium rgg-img\" data-src=\"https:\/\/nivic.es\/policarbonato-metacrilato\/wp-content\/uploads\/2014\/02\/Manipulados-fenolicos-madrid-9f-300x300.jpg\" data-ratio=\"1\" data-height=\"300\" data-width=\"300\" aria-label=\"\">\n                            <\/a>\n                    <a href=\"https:\/\/nivic.es\/policarbonato-metacrilato\/wp-content\/uploads\/2014\/02\/Manipulados-fenolicos-madrid-9g-1024x1023.jpg\" data-rel=\"rgg\" rel=\"rgg\" title=\"\" class=\"rgg-disabled size-medium rgg-img\" data-src=\"https:\/\/nivic.es\/policarbonato-metacrilato\/wp-content\/uploads\/2014\/02\/Manipulados-fenolicos-madrid-9g-300x300.jpg\" data-ratio=\"1\" data-height=\"300\" data-width=\"300\" aria-label=\"\">\n                            <\/a>\n                    <a href=\"https:\/\/nivic.es\/policarbonato-metacrilato\/wp-content\/uploads\/2014\/02\/Manipulados-fenolicos-madrid-91.jpg\" data-rel=\"rgg\" rel=\"rgg\" title=\"\" class=\"rgg-disabled size-medium rgg-img\" data-src=\"https:\/\/nivic.es\/policarbonato-metacrilato\/wp-content\/uploads\/2014\/02\/Manipulados-fenolicos-madrid-91-300x300.jpg\" data-ratio=\"1\" data-height=\"300\" data-width=\"300\" aria-label=\"\">\n                            <\/a>\n                    <a href=\"https:\/\/nivic.es\/policarbonato-metacrilato\/wp-content\/uploads\/2014\/02\/Manipulados-fenolicos-madrid-92.jpg\" data-rel=\"rgg\" rel=\"rgg\" title=\"\" class=\"rgg-disabled size-medium rgg-img\" data-src=\"https:\/\/nivic.es\/policarbonato-metacrilato\/wp-content\/uploads\/2014\/02\/Manipulados-fenolicos-madrid-92-300x300.jpg\" data-ratio=\"1\" data-height=\"300\" data-width=\"300\" aria-label=\"\">\n                            <\/a>\n                    <a href=\"https:\/\/nivic.es\/policarbonato-metacrilato\/wp-content\/uploads\/2014\/02\/Manipulados-fenolicos-madrid-93-1023x1024.jpg\" data-rel=\"rgg\" rel=\"rgg\" title=\"\" class=\"rgg-disabled size-medium rgg-img\" data-src=\"https:\/\/nivic.es\/policarbonato-metacrilato\/wp-content\/uploads\/2014\/02\/Manipulados-fenolicos-madrid-93-300x300.jpg\" data-ratio=\"1\" data-height=\"300\" data-width=\"300\" aria-label=\"\">\n                            <\/a>\n                    <a href=\"https:\/\/nivic.es\/policarbonato-metacrilato\/wp-content\/uploads\/2014\/02\/Manipulados-fenolicos-madrid-94.jpg\" data-rel=\"rgg\" rel=\"rgg\" title=\"\" class=\"rgg-disabled size-medium rgg-img\" data-src=\"https:\/\/nivic.es\/policarbonato-metacrilato\/wp-content\/uploads\/2014\/02\/Manipulados-fenolicos-madrid-94-300x300.jpg\" data-ratio=\"1\" data-height=\"300\" data-width=\"300\" aria-label=\"\">\n                            <\/a>\n                    <a href=\"https:\/\/nivic.es\/policarbonato-metacrilato\/wp-content\/uploads\/2014\/02\/Manipulados-fenolicos-madrid-95.jpg\" data-rel=\"rgg\" rel=\"rgg\" title=\"\" class=\"rgg-disabled size-medium rgg-img\" data-src=\"https:\/\/nivic.es\/policarbonato-metacrilato\/wp-content\/uploads\/2014\/02\/Manipulados-fenolicos-madrid-95-300x300.jpg\" data-ratio=\"1\" data-height=\"300\" data-width=\"300\" aria-label=\"\">\n                            <\/a>\n                    <a href=\"https:\/\/nivic.es\/policarbonato-metacrilato\/wp-content\/uploads\/2014\/02\/Manipulados-fenolicos-madrid-96-1023x1024.jpg\" data-rel=\"rgg\" rel=\"rgg\" title=\"\" class=\"rgg-disabled size-medium rgg-img\" data-src=\"https:\/\/nivic.es\/policarbonato-metacrilato\/wp-content\/uploads\/2014\/02\/Manipulados-fenolicos-madrid-96-300x300.jpg\" data-ratio=\"1\" data-height=\"300\" data-width=\"300\" aria-label=\"\">\n                            <\/a>\n                    <a href=\"https:\/\/nivic.es\/policarbonato-metacrilato\/wp-content\/uploads\/2014\/02\/Manipulados-fenolicos-madrid-97.jpg\" data-rel=\"rgg\" rel=\"rgg\" title=\"\" class=\"rgg-disabled size-medium rgg-img\" data-src=\"https:\/\/nivic.es\/policarbonato-metacrilato\/wp-content\/uploads\/2014\/02\/Manipulados-fenolicos-madrid-97-300x300.jpg\" data-ratio=\"1\" data-height=\"300\" data-width=\"300\" aria-label=\"\">\n                            <\/a>\n                    <a href=\"https:\/\/nivic.es\/policarbonato-metacrilato\/wp-content\/uploads\/2014\/02\/Manipulados-fenolicos-madrid-98.jpg\" data-rel=\"rgg\" rel=\"rgg\" title=\"Taquillas Trespa\" class=\"rgg-disabled size-medium rgg-img\" data-src=\"https:\/\/nivic.es\/policarbonato-metacrilato\/wp-content\/uploads\/2014\/02\/Manipulados-fenolicos-madrid-98-300x300.jpg\" data-ratio=\"1\" data-height=\"300\" data-width=\"300\" aria-label=\"\">\n                            <\/a>\n                    <a href=\"https:\/\/nivic.es\/policarbonato-metacrilato\/wp-content\/uploads\/2014\/02\/Manipulados-fenolicos-madrid-99-1023x1024.jpg\" data-rel=\"rgg\" rel=\"rgg\" title=\"Taquillas Trespa\" class=\"rgg-disabled size-medium rgg-img\" data-src=\"https:\/\/nivic.es\/policarbonato-metacrilato\/wp-content\/uploads\/2014\/02\/Manipulados-fenolicos-madrid-99-300x300.jpg\" data-ratio=\"1\" data-height=\"300\" data-width=\"300\" aria-label=\"\">\n                            <\/a>\n            <\/div>\n<\/div>\n","protected":false},"excerpt":{"rendered":"<p>NIVIC Pl\u00e1sticos Internacionales les ofrece su experiencia de m\u00e1s de 15 a\u00f1os en el entorno de los materiales fen\u00f3licos desde sencillos sobres para bancos hasta el proyecto m\u00e1s complejo. Ofrecemos cabinas, cabinas con bancos, taquillas de diversas medidas, bancos para vestuarios, encimeras y revestimientos de paredes NIVIC Pl\u00e1sticos Internacionales fabrica una amplia gama de cabinas [&hellip;]<\/p>\n","protected":false},"author":1,"featured_media":0,"parent":0,"menu_order":0,"comment_status":"closed","ping_status":"closed","template":"","meta":{"footnotes":""},"class_list":["post-445","page","type-page","status-publish","hentry"],"_links":{"self":[{"href":"https:\/\/nivic.es\/policarbonato-metacrilato\/wp-json\/wp\/v2\/pages\/445","targetHints":{"allow":["GET"]}}],"collection":[{"href":"https:\/\/nivic.es\/policarbonato-metacrilato\/wp-json\/wp\/v2\/pages"}],"about":[{"href":"https:\/\/nivic.es\/policarbonato-metacrilato\/wp-json\/wp\/v2\/types\/page"}],"author":[{"embeddable":true,"href":"https:\/\/nivic.es\/policarbonato-metacrilato\/wp-json\/wp\/v2\/users\/1"}],"replies":[{"embeddable":true,"href":"https:\/\/nivic.es\/policarbonato-metacrilato\/wp-json\/wp\/v2\/comments?post=445"}],"version-history":[{"count":2,"href":"https:\/\/nivic.es\/policarbonato-metacrilato\/wp-json\/wp\/v2\/pages\/445\/revisions"}],"predecessor-version":[{"id":666,"href":"https:\/\/nivic.es\/policarbonato-metacrilato\/wp-json\/wp\/v2\/pages\/445\/revisions\/666"}],"wp:attachment":[{"href":"https:\/\/nivic.es\/policarbonato-metacrilato\/wp-json\/wp\/v2\/media?parent=445"}],"curies":[{"name":"wp","href":"https:\/\/api.w.org\/{rel}","templated":true}]}}