{"id":324,"date":"2014-02-03T13:55:28","date_gmt":"2014-02-03T13:55:28","guid":{"rendered":"http:\/\/sibu.es\/plasticos_internacionales\/?page_id=324"},"modified":"2015-12-01T20:13:01","modified_gmt":"2015-12-01T20:13:01","slug":"presnsacril-cel","status":"publish","type":"page","link":"https:\/\/nivic.es\/policarbonato-metacrilato\/presnsacril-cel\/","title":{"rendered":"Prensacril Cel    PVC Espumado"},"content":{"rendered":"<p><a href=\"https:\/\/nivic.es\/policarbonato-metacrilato\/wp-content\/uploads\/2014\/02\/1ongro-nivic.jpg\"><img loading=\"lazy\" decoding=\"async\" class=\"alignleft size-thumbnail wp-image-330\" src=\"https:\/\/nivic.es\/policarbonato-metacrilato\/wp-content\/uploads\/2014\/02\/1ongro-nivic-150x150.jpg\" alt=\"1ongro-nivic\" width=\"150\" height=\"150\" \/><\/a>Planchas de<strong> PVC Espumado<\/strong><\/p>\n<p><strong><span style=\"color: #ff6600;\">NIVIC <\/span><\/strong>sl ofrece su PVC espumado en densidad est\u00e1ndar y ultraligera bajo el nombre comercial de <strong>P<\/strong><strong>RENSACRIL-CEL.<\/strong><\/p>\n<p>Es una plancha liviana,\u00a0 duradera y vers\u00e1til que puede ser rotulada con cualquier t\u00e9cnica de impresi\u00f3n. <strong>P<\/strong><strong>RENSACRIL-CEL<\/strong> tiene unas excelentes propiedades aislantes, tanto t\u00e9rmicas como ac\u00fasticas. Es un producto auto extinguible que cumple con las normativas de resistencia al fuego m\u00e1s exigentes.<\/p>\n<p><strong>\u00a0<\/strong><strong>P<\/strong><strong>RENSACRIL-CEL<\/strong> se pueden trabajar r\u00e1pida y f\u00e1cilmente con cualquier herramienta est\u00e1ndar. Tiene una amplia variedad de aplicaciones. \u00a0Con el fin de proteger su superficie, las planchas se entregan con un film de polietileno a una cara<\/p>\n<p><b>Medidas de las planchas \u00a0<\/b><strong>P<\/strong><strong>RENSACRIL-CEL<\/strong><b><\/b><\/p>\n<p><img loading=\"lazy\" decoding=\"async\" class=\" wp-image-335 alignright\" src=\"https:\/\/nivic.es\/policarbonato-metacrilato\/wp-content\/uploads\/2014\/02\/PVC_ESPUMADO_2.jpg\" alt=\"PVC_ESPUMADO_2\" width=\"565\" height=\"247\" srcset=\"https:\/\/nivic.es\/policarbonato-metacrilato\/wp-content\/uploads\/2014\/02\/PVC_ESPUMADO_2.jpg 942w, https:\/\/nivic.es\/policarbonato-metacrilato\/wp-content\/uploads\/2014\/02\/PVC_ESPUMADO_2-300x131.jpg 300w\" sizes=\"auto, (max-width: 565px) 100vw, 565px\" \/><\/p>\n<p><b>Grueso:<br \/>\n<\/b>de 1 a 6 mm<\/p>\n<p><b>Tama\u00f1os:<br \/>\n<\/b>2050 x 3050 mm<br \/>\n2020 x 3050 mm<br \/>\n1560 x 3050 mm<br \/>\n1220 x 2440 mm<br \/>\n1220 x 3050 mm<\/p>\n<div id=\"attachment_343\" style=\"width: 210px\" class=\"wp-caption aligncenter\"><a href=\"http:\/\/nivic.es\/Catalogo-Prensacril-cel-2014.pdf\" target=\"_blank\"><img loading=\"lazy\" decoding=\"async\" aria-describedby=\"caption-attachment-343\" class=\"size-full wp-image-343 \" title=\"Download: Folleto Prensacril-cel.pdf\" src=\"https:\/\/nivic.es\/policarbonato-metacrilato\/wp-content\/uploads\/2014\/02\/Prensacril-cel.jpg\" alt=\"Prensacril-cel\" width=\"200\" height=\"286\" \/><\/a><p id=\"caption-attachment-343\" class=\"wp-caption-text\">Folleto Prensacril-cel.PDF 2.95.Mb<\/p><\/div>\n","protected":false},"excerpt":{"rendered":"<p>Planchas de PVC Espumado NIVIC sl ofrece su PVC espumado en densidad est\u00e1ndar y ultraligera bajo el nombre comercial de PRENSACRIL-CEL. Es una plancha liviana,\u00a0 duradera y vers\u00e1til que puede ser rotulada con cualquier t\u00e9cnica de impresi\u00f3n. PRENSACRIL-CEL tiene unas excelentes propiedades aislantes, tanto t\u00e9rmicas como ac\u00fasticas. Es un producto auto extinguible que cumple con [&hellip;]<\/p>\n","protected":false},"author":1,"featured_media":0,"parent":0,"menu_order":0,"comment_status":"closed","ping_status":"closed","template":"","meta":{"footnotes":""},"class_list":["post-324","page","type-page","status-publish","hentry"],"_links":{"self":[{"href":"https:\/\/nivic.es\/policarbonato-metacrilato\/wp-json\/wp\/v2\/pages\/324","targetHints":{"allow":["GET"]}}],"collection":[{"href":"https:\/\/nivic.es\/policarbonato-metacrilato\/wp-json\/wp\/v2\/pages"}],"about":[{"href":"https:\/\/nivic.es\/policarbonato-metacrilato\/wp-json\/wp\/v2\/types\/page"}],"author":[{"embeddable":true,"href":"https:\/\/nivic.es\/policarbonato-metacrilato\/wp-json\/wp\/v2\/users\/1"}],"replies":[{"embeddable":true,"href":"https:\/\/nivic.es\/policarbonato-metacrilato\/wp-json\/wp\/v2\/comments?post=324"}],"version-history":[{"count":3,"href":"https:\/\/nivic.es\/policarbonato-metacrilato\/wp-json\/wp\/v2\/pages\/324\/revisions"}],"predecessor-version":[{"id":659,"href":"https:\/\/nivic.es\/policarbonato-metacrilato\/wp-json\/wp\/v2\/pages\/324\/revisions\/659"}],"wp:attachment":[{"href":"https:\/\/nivic.es\/policarbonato-metacrilato\/wp-json\/wp\/v2\/media?parent=324"}],"curies":[{"name":"wp","href":"https:\/\/api.w.org\/{rel}","templated":true}]}}