{"id":30,"date":"2013-12-16T12:18:51","date_gmt":"2013-12-16T12:18:51","guid":{"rendered":"http:\/\/lluisrd.com\/plasticos_internacionales\/?page_id=27"},"modified":"2019-01-15T14:47:27","modified_gmt":"2019-01-15T14:47:27","slug":"contacto-nivic","status":"publish","type":"page","link":"https:\/\/nivic.es\/policarbonato-metacrilato\/contacto-nivic\/","title":{"rendered":"contacto Nivic"},"content":{"rendered":"<table width=\"100%\" cellspacing=\"5\" border=\"0\">\n<tbody>\n<tr>\n<td valign=\"top\">\n<h1>Contacto<\/h1>\n<p>&nbsp;<\/p>\n<p><a href=\"https:\/\/nivic.es\/policarbonato-metacrilato\/wp-content\/uploads\/2013\/12\/nivic.jpg\"><img loading=\"lazy\" decoding=\"async\" class=\"alignnone size-full wp-image-8\" src=\"https:\/\/nivic.es\/policarbonato-metacrilato\/wp-content\/uploads\/2013\/12\/nivic.jpg\" alt=\"nivic\" width=\"116\" height=\"66\"><\/a><\/p>\n<h3><b><span style=\"color: #ff6600;\">NIVIC<\/span> Pl\u00e1sticos Internacionales<\/b><\/h3>\n<p>C\/Sierra Morena, 21 \u00c1rea Andaluc\u00eda<br \/>\nE-28320 \u00b7 Pinto \u00b7 Madrid<br \/>\nEmail: <a title=\"info@nivic.es\" href=\"mailto:\/\/info@nivic.es\" target=\"_blank\" rel=\"noopener\">info@nivic.es<\/a><br \/>\nTel.: +34 91 691 91 81<\/td>\n<td>\n<div class=\"wpcf7 no-js\" id=\"wpcf7-f32-o1\" lang=\"es-ES\" dir=\"ltr\" data-wpcf7-id=\"32\">\n<div class=\"screen-reader-response\"><p role=\"status\" aria-live=\"polite\" aria-atomic=\"true\"><\/p> <ul><\/ul><\/div>\n<form action=\"\/policarbonato-metacrilato\/wp-json\/wp\/v2\/pages\/30#wpcf7-f32-o1\" method=\"post\" class=\"wpcf7-form init\" aria-label=\"Formulario de contacto\" enctype=\"multipart\/form-data\" novalidate=\"novalidate\" data-status=\"init\">\n<fieldset class=\"hidden-fields-container\"><input type=\"hidden\" name=\"_wpcf7\" value=\"32\" \/><input type=\"hidden\" name=\"_wpcf7_version\" value=\"6.1.5\" \/><input type=\"hidden\" name=\"_wpcf7_locale\" value=\"es_ES\" \/><input type=\"hidden\" name=\"_wpcf7_unit_tag\" value=\"wpcf7-f32-o1\" \/><input type=\"hidden\" name=\"_wpcf7_container_post\" value=\"0\" \/><input type=\"hidden\" name=\"_wpcf7_posted_data_hash\" value=\"\" \/><input type=\"hidden\" name=\"_wpcf7_recaptcha_response\" value=\"\" \/>\n<\/fieldset>\n<table border=\"0\"  width=\"100%\" >\n\t<tr>\n\t\t<td>\n\t\t\t<p>Su nombre (requerido)\n\t\t\t<\/p>\n\t\t\t<p><span class=\"wpcf7-form-control-wrap\" data-name=\"your-name\"><input size=\"40\" maxlength=\"400\" class=\"wpcf7-form-control wpcf7-text wpcf7-validates-as-required\" aria-required=\"true\" aria-invalid=\"false\" value=\"\" type=\"text\" name=\"your-name\" \/><\/span><br \/>\nSu e-mail (requerido)\n\t\t\t<\/p>\n\t\t\t<p><span class=\"wpcf7-form-control-wrap\" data-name=\"your-email\"><input size=\"40\" maxlength=\"400\" class=\"wpcf7-form-control wpcf7-email wpcf7-validates-as-required wpcf7-text wpcf7-validates-as-email\" aria-required=\"true\" aria-invalid=\"false\" value=\"\" type=\"email\" name=\"your-email\" \/><\/span>\n\t\t\t<\/p>\n\t\t\t<p>Anexar plano o boceto\n\t\t\t<\/p>\n\t\t\t<p><span class=\"wpcf7-form-control-wrap\" data-name=\"file-957\"><input size=\"40\" class=\"wpcf7-form-control wpcf7-file\" accept=\"audio\/*,video\/*,image\/*\" aria-invalid=\"false\" type=\"file\" name=\"file-957\" \/><\/span>\n\t\t\t<\/p>\n\t\t<\/td>\n\t\t<td>\n\t\t\t<p>Su mensaje\n\t\t\t<\/p>\n\t\t\t<p><span class=\"wpcf7-form-control-wrap\" data-name=\"your-message\"><textarea cols=\"120\" rows=\"50\" maxlength=\"2000\" class=\"wpcf7-form-control wpcf7-textarea\" aria-invalid=\"false\" name=\"your-message\"><\/textarea><\/span>\n\t\t\t<\/p>\n\t\t<\/td>\n\t<\/tr>\n<\/table>\n<h6 align=\"justify\">PROTECCI\u00d3N DE DATOS DE CAR\u00c1CTER PERSONAL.<br \/>\nNivic esta especialmente preocupado por la Seguridad y por asegurar la Confidencialidad de los datos aportados por nuestros usuarios; por ello garantizamos la Seguridad y confidencialidad de la informaci\u00f3n que nos facilite. La informaci\u00f3n recibida por Nivic a trav\u00e9s de esta p\u00e1gina web ser\u00e1 tratada con la m\u00e1xima confidencialidad. Nivic se compromete a no utilizar los datos personales objeto de tratamiento para finalidades incompatibles con aquellas para las que los datos hubieran sido recogidos.<br \/>\nLos Datos de car\u00e1cter personal que se facilitan por correo electr\u00f3nico mediante este formulario no quedan registrados en ninguna Base de Datos ni fichero, recogi\u00e9ndose \u00fanicamente con la finalidad de dar respuestas a una solicitud. En cumplimiento del art\u00edculo 4 de la Ley Org\u00e1nica 15\/1999 del 13 de Diciembre, de Protecci\u00f3n de Datos de Car\u00e1cter Personal (LOPD), estos datos se eliminaran una vez cumplida la finalidad para la cual han sido recabados. <input class=\"wpcf7-form-control wpcf7-submit has-spinner\" type=\"submit\" value=\"Acepto y Envio\" \/>\n<\/h6><div class=\"wpcf7-response-output\" aria-hidden=\"true\"><\/div>\n<\/form>\n<\/div>\n<\/td>\n<\/tr>\n<tr>\n<td>&nbsp;<\/td>\n<td><iframe loading=\"lazy\" src=\"https:\/\/www.google.com\/maps\/embed?pb=!1m18!1m12!1m3!1d3044.383234231809!2d-3.6973593842969836!3d40.2672363726411!2m3!1f0!2f0!3f0!3m2!1i1024!2i768!4f13.1!3m3!1m2!1s0xd4221c8e4e1da8d%3A0xa46fa315ee2a017f!2sNIVIC+Pl%C3%A1sticos+Internacionales+SL!5e0!3m2!1ses!2ses!4v1547563390365\" style=\"border:0\" allowfullscreen=\"\" width=\"100%\" height=\"350\" frameborder=\"0\"><\/iframe><br \/>\n<small><a style=\"color: #0000ff; text-align: left;\" href=\"https:\/\/maps.google.es\/maps?f=q&amp;source=embed&amp;hl=ca&amp;geocode=&amp;q=nivic&amp;aq=&amp;sll=41.692248,1.745867&amp;sspn=2.8014,6.344604&amp;ie=UTF8&amp;hq=nivic&amp;hnear=&amp;radius=15000&amp;ll=40.267191,-3.694794&amp;spn=0.044732,0.099134&amp;t=m&amp;z=14&amp;iwloc=A&amp;cid=16986844072653266885\">Muestra un mapa mas grande<\/a><\/small><\/td>\n<\/tr>\n<\/tbody>\n<\/table>\n","protected":false},"excerpt":{"rendered":"<p>Contacto &nbsp; NIVIC Pl\u00e1sticos Internacionales C\/Sierra Morena, 21 \u00c1rea Andaluc\u00eda E-28320 \u00b7 Pinto \u00b7 Madrid Email: info@nivic.es Tel.: +34 91 691 91 81 &nbsp; Muestra un mapa mas grande<\/p>\n","protected":false},"author":1,"featured_media":0,"parent":0,"menu_order":0,"comment_status":"closed","ping_status":"open","template":"","meta":{"footnotes":""},"class_list":["post-30","page","type-page","status-publish","hentry"],"_links":{"self":[{"href":"https:\/\/nivic.es\/policarbonato-metacrilato\/wp-json\/wp\/v2\/pages\/30","targetHints":{"allow":["GET"]}}],"collection":[{"href":"https:\/\/nivic.es\/policarbonato-metacrilato\/wp-json\/wp\/v2\/pages"}],"about":[{"href":"https:\/\/nivic.es\/policarbonato-metacrilato\/wp-json\/wp\/v2\/types\/page"}],"author":[{"embeddable":true,"href":"https:\/\/nivic.es\/policarbonato-metacrilato\/wp-json\/wp\/v2\/users\/1"}],"replies":[{"embeddable":true,"href":"https:\/\/nivic.es\/policarbonato-metacrilato\/wp-json\/wp\/v2\/comments?post=30"}],"version-history":[{"count":5,"href":"https:\/\/nivic.es\/policarbonato-metacrilato\/wp-json\/wp\/v2\/pages\/30\/revisions"}],"predecessor-version":[{"id":905,"href":"https:\/\/nivic.es\/policarbonato-metacrilato\/wp-json\/wp\/v2\/pages\/30\/revisions\/905"}],"wp:attachment":[{"href":"https:\/\/nivic.es\/policarbonato-metacrilato\/wp-json\/wp\/v2\/media?parent=30"}],"curies":[{"name":"wp","href":"https:\/\/api.w.org\/{rel}","templated":true}]}}