{"id":267,"date":"2014-01-29T10:21:44","date_gmt":"2014-01-29T10:21:44","guid":{"rendered":"http:\/\/sibu.es\/plasticos_internacionales\/?page_id=267"},"modified":"2020-04-19T16:27:24","modified_gmt":"2020-04-19T16:27:24","slug":"kapa-espana-distribuido-por-nivic","status":"publish","type":"page","link":"https:\/\/nivic.es\/policarbonato-metacrilato\/kapa-espana-distribuido-por-nivic\/","title":{"rendered":"Kapa Espa\u00f1a distribuido por NIVIC"},"content":{"rendered":"<h1>KAPA<sup>\u00ae<\/sup>: Adaptado a sus necesidades<\/h1>\n<div>\n<div>\n<div>\n<p><img loading=\"lazy\" decoding=\"async\" class=\"size-full wp-image-1000 alignleft\" src=\"https:\/\/nivic.es\/policarbonato-metacrilato\/wp-content\/uploads\/2020\/04\/carton-pluma-kapa.jpg\" alt=\"carton pluma kapa\" width=\"205\" height=\"135\" \/><\/p>\n<\/div>\n<p>Desde hace casi 40 a\u00f1os, <strong>KAPA<sup>\u00ae<\/sup><\/strong> es sin\u00f3nimo de paneles espumados ligeros y finos con n\u00facleo espumado de poliuretano. La tecnolog\u00eda de espumado del n\u00facleo de los paneles entre dos capas superficiales de papel es \u00fanica en todo el mundo para la fabricaci\u00f3n de KAPA<sup>\u00ae<\/sup>. La gama de productos KAPA<sup>\u00ae<\/sup> incluye diferentes capas superficiales de papel y formatos que ofrecen varias posibles aplicaciones desde el modelado hasta materiales de soporte para la impresi\u00f3n y los mensajes publicitarios.<\/p>\n<p>KAPA<sup>\u00ae<\/sup> ofrece servicio y experiencia: nuestro servicio de asistencia t\u00e9cnica ofrece apoyo t\u00e9cnico e ideas para su procesamiento. Nuestros distribuidores autorizados reciben formaci\u00f3n para que puedan ofrecer con nosotros interesantes talleres sobre el producto y su procesamiento.<\/p>\n<\/div>\n<\/div>\n<table border=\"0\" width=\"100%\" cellspacing=\"5\">\n<tbody>\n<tr>\n<td valign=\"top\">\n<p><div id=\"attachment_435\" style=\"width: 242px\" class=\"wp-caption aligncenter\"><a href=\"http:\/\/nivic.es\/Folleto kapa.pdf\" target=\"_blank\" rel=\"noopener noreferrer\"><img loading=\"lazy\" decoding=\"async\" aria-describedby=\"caption-attachment-435\" class=\" wp-image-435\" title=\"Descargar Cat\u00e1logo KAPA Foam.pdf 456Kb\" src=\"https:\/\/nivic.es\/policarbonato-metacrilato\/wp-content\/uploads\/2014\/01\/catalogo-KAPA-foam.jpg\" alt=\"catalogo-KAPA-foam\" width=\"232\" height=\"329\" \/><\/a><p id=\"caption-attachment-435\" class=\"wp-caption-text\">Descargar Cat\u00e1logo KAPA Foam.pdf 456Kb<\/p><\/div><\/td>\n<td>\n<div>\n<div>\n<p>KAPA<sup>\u00ae<\/sup> es un panel muy ligero de alto rendimiento:<\/p>\n<ul>\n<li>Superficie \u00fatil en ambos lados del panel<\/li>\n<li>Capas superficiales de alta calidad<\/li>\n<li>Alto grado de rigidez y estabilidad dimensional<\/li>\n<li>Planitud \u00f3ptima incluso en paneles de menor grosor<\/li>\n<\/ul>\n<\/div>\n<\/div>\n<p>Calidad del poliuretano<\/p>\n<div>\n<div>\n<ul>\n<li>Alto grado de resistencia al calor (a largo plazo hasta los 100 \u00baC, a corto plazo hasta los 160 \u00baC)<\/li>\n<li>Aplicaci\u00f3n sin problemas de tintas y adhesivos de base solvente<\/li>\n<li>Corte y descarte sencillos (incluso en corte manual y sierras de calar)<\/li>\n<li>La espuma no se desmenuza durante el procesamiento<\/li>\n<\/ul>\n<\/div>\n<\/div>\n<p>\u00c1mbitos de aplicaci\u00f3n<\/p>\n<div>\n<div>\n<p><strong>KAPA<sup>\u00ae<\/sup><\/strong> dispone de capas superficiales de alta calidad que pueden ser utilizadas por ambos lados con una planitud \u00f3ptima. Por este motivo puede aplicarse en:<\/p>\n<ul>\n<li>Impresi\u00f3n digital directa<\/li>\n<li>Serigrafiado<\/li>\n<li>Carteles<\/li>\n<li>Laminado de fotos<\/li>\n<li>Modelado<\/li>\n<li>Paneles de fondo para presentaciones<\/li>\n<li>Carteles o paneles de relleno en stands de feria<\/li>\n<li>Paneles de base para trabajos creativos y art\u00edsticos<\/li>\n<\/ul>\n<\/div>\n<\/div>\n<p>Ventajas en la manipulaci\u00f3n, transporte y montaje<\/p>\n<div>\n<div>\n<ul>\n<li>Peso reducido con rigidez y estabilidad dimensional \u00f3ptimas<\/li>\n<li>Transporte m\u00e1s sencillo gracias a un embalaje especial y dispositivos auxiliares de transporte<\/li>\n<\/ul>\n<\/div>\n<\/div>\n<\/td>\n<\/tr>\n<\/tbody>\n<\/table>\n","protected":false},"excerpt":{"rendered":"<p>KAPA\u00ae: Adaptado a sus necesidades Desde hace casi 40 a\u00f1os, KAPA\u00ae es sin\u00f3nimo de paneles espumados ligeros y finos con n\u00facleo espumado de poliuretano. La tecnolog\u00eda de espumado del n\u00facleo de los paneles entre dos capas superficiales de papel es \u00fanica en todo el mundo para la fabricaci\u00f3n de KAPA\u00ae. La gama de productos KAPA\u00ae [&hellip;]<\/p>\n","protected":false},"author":1,"featured_media":0,"parent":0,"menu_order":0,"comment_status":"closed","ping_status":"closed","template":"","meta":{"footnotes":""},"class_list":["post-267","page","type-page","status-publish","hentry"],"_links":{"self":[{"href":"https:\/\/nivic.es\/policarbonato-metacrilato\/wp-json\/wp\/v2\/pages\/267","targetHints":{"allow":["GET"]}}],"collection":[{"href":"https:\/\/nivic.es\/policarbonato-metacrilato\/wp-json\/wp\/v2\/pages"}],"about":[{"href":"https:\/\/nivic.es\/policarbonato-metacrilato\/wp-json\/wp\/v2\/types\/page"}],"author":[{"embeddable":true,"href":"https:\/\/nivic.es\/policarbonato-metacrilato\/wp-json\/wp\/v2\/users\/1"}],"replies":[{"embeddable":true,"href":"https:\/\/nivic.es\/policarbonato-metacrilato\/wp-json\/wp\/v2\/comments?post=267"}],"version-history":[{"count":8,"href":"https:\/\/nivic.es\/policarbonato-metacrilato\/wp-json\/wp\/v2\/pages\/267\/revisions"}],"predecessor-version":[{"id":1001,"href":"https:\/\/nivic.es\/policarbonato-metacrilato\/wp-json\/wp\/v2\/pages\/267\/revisions\/1001"}],"wp:attachment":[{"href":"https:\/\/nivic.es\/policarbonato-metacrilato\/wp-json\/wp\/v2\/media?parent=267"}],"curies":[{"name":"wp","href":"https:\/\/api.w.org\/{rel}","templated":true}]}}