{"id":1015,"date":"2020-11-16T16:12:43","date_gmt":"2020-11-16T16:12:43","guid":{"rendered":"https:\/\/nivic.es\/policarbonato-metacrilato\/?page_id=1015"},"modified":"2020-11-16T16:30:11","modified_gmt":"2020-11-16T16:30:11","slug":"nivic-policarbonato-celular-o-alveolar-en-madrid","status":"publish","type":"page","link":"https:\/\/nivic.es\/policarbonato-metacrilato\/nivic-policarbonato-celular-o-alveolar-en-madrid\/","title":{"rendered":"Nivic Policarbonato Celular o Alveolar en Madrid"},"content":{"rendered":"<p><img loading=\"lazy\" decoding=\"async\" class=\"wp-image-1016 alignright\" src=\"https:\/\/nivic.es\/policarbonato-metacrilato\/wp-content\/uploads\/2020\/11\/nivic-makroclear-policarbonato-768x1024.jpg\" alt=\"nivic makroclear-policarbonato\" width=\"474\" height=\"632\" srcset=\"https:\/\/nivic.es\/policarbonato-metacrilato\/wp-content\/uploads\/2020\/11\/nivic-makroclear-policarbonato-768x1024.jpg 768w, https:\/\/nivic.es\/policarbonato-metacrilato\/wp-content\/uploads\/2020\/11\/nivic-makroclear-policarbonato-225x300.jpg 225w, https:\/\/nivic.es\/policarbonato-metacrilato\/wp-content\/uploads\/2020\/11\/nivic-makroclear-policarbonato-1152x1536.jpg 1152w, https:\/\/nivic.es\/policarbonato-metacrilato\/wp-content\/uploads\/2020\/11\/nivic-makroclear-policarbonato.jpg 1200w\" sizes=\"auto, (max-width: 474px) 100vw, 474px\" \/><\/p>\n<p>El policarbonato celular o multipared es una l\u00e1mina ligera con una estructura celular. Esta construcci\u00f3n se caracteriza por una gran resistencia a los impactos y una elevada transmisi\u00f3n de la luz, junto con un adecuado aislamiento.<\/p>\n<p><strong><span style=\"color: #ff6600;\">NIVIC <\/span><\/strong>sl ofrece placas de policarbonato alveolar con m\u00e1xima resistencia a los impactos: MULTICLEAR\u00ae.<\/p>\n<p>MULTICLEAR\u00ae se presenta en diferentes grosores y estructuras de celdilla, y en variedad de colores. Adem\u00e1s de la estructura de superficie lisa, se puede optar por un ACABADO MARTEL\u00c9. El acabado MARTEL\u00c9 posee una est\u00e9tica especial debido a su superficie con relieve.<\/p>\n<p>MULTICLEAR\u00ae tambi\u00e9n est\u00e1 disponible en un modelo con protecci\u00f3n IR que ayuda a reducir la temperatura, ya que permite el paso de la luz pero bloquea la radiaci\u00f3n infrarroja. Nuestros productos suelen presentar una alta capacidad de aislamiento y todos tienen 10 a\u00f1os de garant\u00eda.<\/p>\n<p><img loading=\"lazy\" decoding=\"async\" class=\"size-medium wp-image-1017\" src=\"https:\/\/nivic.es\/policarbonato-metacrilato\/wp-content\/uploads\/2020\/11\/nivic-makroclear-policarbonato-2-300x300.jpg\" alt=\"nivic makroclear-policarbonato 2\" width=\"300\" height=\"300\" srcset=\"https:\/\/nivic.es\/policarbonato-metacrilato\/wp-content\/uploads\/2020\/11\/nivic-makroclear-policarbonato-2-300x300.jpg 300w, https:\/\/nivic.es\/policarbonato-metacrilato\/wp-content\/uploads\/2020\/11\/nivic-makroclear-policarbonato-2-1024x1024.jpg 1024w, https:\/\/nivic.es\/policarbonato-metacrilato\/wp-content\/uploads\/2020\/11\/nivic-makroclear-policarbonato-2-150x150.jpg 150w, https:\/\/nivic.es\/policarbonato-metacrilato\/wp-content\/uploads\/2020\/11\/nivic-makroclear-policarbonato-2-768x768.jpg 768w, https:\/\/nivic.es\/policarbonato-metacrilato\/wp-content\/uploads\/2020\/11\/nivic-makroclear-policarbonato-2-1536x1536.jpg 1536w, https:\/\/nivic.es\/policarbonato-metacrilato\/wp-content\/uploads\/2020\/11\/nivic-makroclear-policarbonato-2.jpg 1920w\" sizes=\"auto, (max-width: 300px) 100vw, 300px\" \/><\/p>\n<div id=\"attachment_430\" style=\"width: 210px\" class=\"wp-caption aligncenter\"><a href=\"http:\/\/nivic.es\/Catalogo_Macrolife.pdf\" target=\"_blank\" rel=\"noopener noreferrer\"><img loading=\"lazy\" decoding=\"async\" aria-describedby=\"caption-attachment-430\" class=\"wp-image-430 size-full\" title=\"Descargar Cat\u00e1logo Makrolife Policarbonato UV.pdf 1.73Kb\" src=\"https:\/\/nivic.es\/policarbonato-metacrilato\/wp-content\/uploads\/2014\/02\/Makrolife-Policarbonato-caracteristicas.png\" alt=\"Makrolife-Policarbonato-caracteristicas\" width=\"200\" height=\"282\" \/><\/a><p id=\"caption-attachment-430\" class=\"wp-caption-text\">Descargar Cat\u00e1logo Makrolife Policarbonato UV.pdf 1.73Kb<\/p><\/div>\n","protected":false},"excerpt":{"rendered":"<p>El policarbonato celular o multipared es una l\u00e1mina ligera con una estructura celular. Esta construcci\u00f3n se caracteriza por una gran resistencia a los impactos y una elevada transmisi\u00f3n de la luz, junto con un adecuado aislamiento. NIVIC sl ofrece placas de policarbonato alveolar con m\u00e1xima resistencia a los impactos: MULTICLEAR\u00ae. MULTICLEAR\u00ae se presenta en diferentes [&hellip;]<\/p>\n","protected":false},"author":1,"featured_media":0,"parent":0,"menu_order":0,"comment_status":"closed","ping_status":"closed","template":"","meta":{"footnotes":""},"class_list":["post-1015","page","type-page","status-publish","hentry"],"_links":{"self":[{"href":"https:\/\/nivic.es\/policarbonato-metacrilato\/wp-json\/wp\/v2\/pages\/1015","targetHints":{"allow":["GET"]}}],"collection":[{"href":"https:\/\/nivic.es\/policarbonato-metacrilato\/wp-json\/wp\/v2\/pages"}],"about":[{"href":"https:\/\/nivic.es\/policarbonato-metacrilato\/wp-json\/wp\/v2\/types\/page"}],"author":[{"embeddable":true,"href":"https:\/\/nivic.es\/policarbonato-metacrilato\/wp-json\/wp\/v2\/users\/1"}],"replies":[{"embeddable":true,"href":"https:\/\/nivic.es\/policarbonato-metacrilato\/wp-json\/wp\/v2\/comments?post=1015"}],"version-history":[{"count":5,"href":"https:\/\/nivic.es\/policarbonato-metacrilato\/wp-json\/wp\/v2\/pages\/1015\/revisions"}],"predecessor-version":[{"id":1026,"href":"https:\/\/nivic.es\/policarbonato-metacrilato\/wp-json\/wp\/v2\/pages\/1015\/revisions\/1026"}],"wp:attachment":[{"href":"https:\/\/nivic.es\/policarbonato-metacrilato\/wp-json\/wp\/v2\/media?parent=1015"}],"curies":[{"name":"wp","href":"https:\/\/api.w.org\/{rel}","templated":true}]}}